{"id":45,"date":"2023-08-22T20:41:21","date_gmt":"2023-08-22T18:41:21","guid":{"rendered":"https:\/\/stateklunikov.cz\/en\/?page_id=45"},"modified":"2025-04-30T21:14:51","modified_gmt":"2025-04-30T19:14:51","slug":"trips-activities","status":"publish","type":"page","link":"https:\/\/stateklunikov.cz\/en\/trips-activities\/","title":{"rendered":"Trips and activities"},"content":{"rendered":"\n<div style=\"height:40px\" aria-hidden=\"true\" class=\"wp-block-spacer\"><\/div>\n\n\n\n<p>Discover places you have never seen before. Let us tell you the remarkable stories of the surrounding landscape. We will show you the most beautiful places for you to visit on foot or by bicycle.<\/p>\n\n\n\n<div class=\"wp-block-media-text is-stacked-on-mobile\"><figure class=\"wp-block-media-text__media\"><img loading=\"lazy\" decoding=\"async\" width=\"800\" height=\"400\" src=\"https:\/\/stateklunikov.cz\/en\/wp-content\/uploads\/vylety_01.jpg\" alt=\"J\u00edzda na koni a ryba\u0159en\u00ed\" class=\"wp-image-339 size-full\" srcset=\"https:\/\/stateklunikov.cz\/en\/wp-content\/uploads\/vylety_01.jpg 800w, https:\/\/stateklunikov.cz\/en\/wp-content\/uploads\/vylety_01-600x300.jpg 600w, https:\/\/stateklunikov.cz\/en\/wp-content\/uploads\/vylety_01-768x384.jpg 768w\" sizes=\"auto, (max-width: 800px) 100vw, 800px\" \/><\/figure><div class=\"wp-block-media-text__content\">\n<h2 class=\"wp-block-heading\">Horse riding and fishing<\/h2>\n\n\n\n<p>We will be more than happy to arrange a horse ride for you, allowing you to see the surrounding landscape from a different perspective. Local fishermen, meanwhile, will teach you how to catch fish at a picturesque pond, because there is nothing better than your own catch.<\/p>\n<\/div><\/div>\n\n\n\n<div class=\"wp-block-media-text has-media-on-the-right is-stacked-on-mobile\"><div class=\"wp-block-media-text__content\">\n<h2 class=\"wp-block-heading\">Bicycle rides<\/h2>\n\n\n\n<p>We will lend you a bike and show you the most attractive routes to take. You can head for the chateau in Nelahozeves, the Cold War Museum in Zvolen\u011bves, the spa of L\u00e1zn\u011b M\u0161en\u00e9, the country markets of \u0158edho\u0161\u0165, the fruit trail close to Slan\u00fd and Slan\u00fd Mountain, or simply take in the breath-taking panorama of the Bohemian Uplands (\u010cesk\u00e9 st\u0159edoho\u0159\u00ed). There is also a comfortable cycle path leading all the way to Prague.<\/p>\n<\/div><figure class=\"wp-block-media-text__media\"><img loading=\"lazy\" decoding=\"async\" width=\"800\" height=\"400\" src=\"https:\/\/stateklunikov.cz\/en\/wp-content\/uploads\/vylety_02.jpg\" alt=\"Vyj\u00ed\u017e\u010fky na kole\" class=\"wp-image-340 size-full\" srcset=\"https:\/\/stateklunikov.cz\/en\/wp-content\/uploads\/vylety_02.jpg 800w, https:\/\/stateklunikov.cz\/en\/wp-content\/uploads\/vylety_02-600x300.jpg 600w, https:\/\/stateklunikov.cz\/en\/wp-content\/uploads\/vylety_02-768x384.jpg 768w\" sizes=\"auto, (max-width: 800px) 100vw, 800px\" \/><\/figure><\/div>\n\n\n\n<div class=\"wp-block-media-text is-stacked-on-mobile\"><figure class=\"wp-block-media-text__media\"><img loading=\"lazy\" decoding=\"async\" width=\"800\" height=\"400\" src=\"https:\/\/stateklunikov.cz\/en\/wp-content\/uploads\/vylety_03-1.jpg\" alt=\"Prav\u011bk\u00e1 turistika\" class=\"wp-image-343 size-full\" srcset=\"https:\/\/stateklunikov.cz\/en\/wp-content\/uploads\/vylety_03-1.jpg 800w, https:\/\/stateklunikov.cz\/en\/wp-content\/uploads\/vylety_03-1-600x300.jpg 600w, https:\/\/stateklunikov.cz\/en\/wp-content\/uploads\/vylety_03-1-768x384.jpg 768w\" sizes=\"auto, (max-width: 800px) 100vw, 800px\" \/><\/figure><div class=\"wp-block-media-text__content\">\n<h2 class=\"wp-block-heading\">Prehistoric tourism<\/h2>\n\n\n\n<p>The area around Lun\u00edkov abounds with history. To this day you can find the rare legacy of ancient times: \u0158\u00edp Mountain, the archaeological site at Be\u010dovsk\u00e9 k\u0159emence, the line of stones known as Kounovsk\u00e9 \u0159ady or the mysterious monoliths, where it is as if time has stood still.<\/p>\n<\/div><\/div>\n\n\n\n<div style=\"height:40px\" aria-hidden=\"true\" class=\"wp-block-spacer\"><\/div>\n\n\n\n<div class=\"wp-block-cover alignfull\" id=\"skoly\"><span aria-hidden=\"true\" class=\"wp-block-cover__background has-ast-global-color-0-background-color has-background-dim-100 has-background-dim\"><\/span><div class=\"wp-block-cover__inner-container is-layout-constrained wp-block-cover-is-layout-constrained\">\n<p class=\"has-text-align-center has-ast-global-color-5-color has-text-color has-link-color has-large-font-size wp-elements-cfbfe4af7dc7cf1ff09bffc8104a146d\">\u300bFOR SCHOOLS\u300a<\/p>\n\n\n\n<div class=\"wp-block-columns is-layout-flex wp-container-core-columns-is-layout-28f84493 wp-block-columns-is-layout-flex\">\n<div class=\"wp-block-column is-layout-flow wp-block-column-is-layout-flow\" style=\"border-width:2px;padding-top:var(--wp--preset--spacing--30);padding-right:var(--wp--preset--spacing--30);padding-bottom:var(--wp--preset--spacing--30);padding-left:var(--wp--preset--spacing--30)\">\n<h2 class=\"wp-block-heading has-ast-global-color-5-color has-text-color has-link-color wp-elements-ce9cb169ece0d0e599ad53a99e1a8314\">Classrooms<\/h2>\n\n\n\n<p class=\"has-ast-global-color-5-color has-text-color has-link-color wp-elements-19b908c8862769d7fc9d238c3a128e64\">Whether you are organising corporate training or are looking for unusual surroundings for your natural history lesson, you will find plenty of room right here with us. We have a room with overhead projector and microscope, a covered outdoor classroom and a special kitchen for cooking lessons.<\/p>\n<\/div>\n\n\n\n<div class=\"wp-block-column is-layout-flow wp-block-column-is-layout-flow\" style=\"border-width:2px;padding-top:var(--wp--preset--spacing--30);padding-right:var(--wp--preset--spacing--30);padding-bottom:var(--wp--preset--spacing--30);padding-left:var(--wp--preset--spacing--30)\">\n<h2 class=\"wp-block-heading has-ast-global-color-5-color has-text-color has-link-color wp-elements-b42dec6bf3c14f5ed46304eba1ea6907\">Sit around the fire<\/h2>\n\n\n\n<p class=\"has-ast-global-color-5-color has-text-color has-link-color wp-elements-a9aa79a7c2c85bb06206ef4ef746632e\">What would a school trip or teambuilding event be without the chance to roast sausages over an open fire? We have comfortable seating round an outdoor fireplace, where you can play the guitar and sing together, or simply look up at the stars. And if you fancy sleeping in the great outdoors, our lawn is the softest in the area.<\/p>\n<\/div>\n\n\n\n<div class=\"wp-block-column is-layout-flow wp-block-column-is-layout-flow\" style=\"border-width:2px;padding-top:var(--wp--preset--spacing--30);padding-right:var(--wp--preset--spacing--30);padding-bottom:var(--wp--preset--spacing--30);padding-left:var(--wp--preset--spacing--30)\">\n<h2 class=\"wp-block-heading has-ast-global-color-5-color has-text-color has-link-color wp-elements-dcd6f21046bfcd0ad6a4aa7c1bf34620\">Educational garden<\/h2>\n\n\n\n<p class=\"has-ast-global-color-5-color has-text-color has-link-color wp-elements-4c039bb94f9450172c0aae769ab5f5c6\">Would you like to show your students where the herbs, vegetables and fruit they are used to seeing at supermarket counters come from? We will take them through the garden, where we grow all kinds of plants, and let them taste whatever they pick themselves.<\/p>\n<\/div>\n<\/div>\n<\/div><\/div>\n\n\n\n<p><\/p>\n","protected":false},"excerpt":{"rendered":"<p>Discover places you have never seen before. Let us tell you the remarkable stories of the surrounding landscape. We will show you the most beautiful places for you to visit on foot or by bicycle. Horse riding and fishing We will be more than happy to arrange a horse ride for you, allowing you to [&hellip;]<\/p>\n","protected":false},"author":1,"featured_media":0,"parent":0,"menu_order":0,"comment_status":"closed","ping_status":"closed","template":"","meta":{"site-sidebar-layout":"default","site-content-layout":"","ast-site-content-layout":"default","site-content-style":"default","site-sidebar-style":"default","ast-global-header-display":"","ast-banner-title-visibility":"","ast-main-header-display":"","ast-hfb-above-header-display":"","ast-hfb-below-header-display":"","ast-hfb-mobile-header-display":"","site-post-title":"","ast-breadcrumbs-content":"","ast-featured-img":"","footer-sml-layout":"","theme-transparent-header-meta":"","adv-header-id-meta":"374","stick-header-meta":"","header-above-stick-meta":"","header-main-stick-meta":"","header-below-stick-meta":"","astra-migrate-meta-layouts":"","ast-page-background-enabled":"default","ast-page-background-meta":{"desktop":{"background-color":"var(--ast-global-color-4)","background-image":"","background-repeat":"repeat","background-position":"center center","background-size":"auto","background-attachment":"scroll","background-type":"","background-media":"","overlay-type":"","overlay-color":"","overlay-opacity":"","overlay-gradient":""},"tablet":{"background-color":"","background-image":"","background-repeat":"repeat","background-position":"center center","background-size":"auto","background-attachment":"scroll","background-type":"","background-media":"","overlay-type":"","overlay-color":"","overlay-opacity":"","overlay-gradient":""},"mobile":{"background-color":"","background-image":"","background-repeat":"repeat","background-position":"center center","background-size":"auto","background-attachment":"scroll","background-type":"","background-media":"","overlay-type":"","overlay-color":"","overlay-opacity":"","overlay-gradient":""}},"ast-content-background-meta":{"desktop":{"background-color":"var(--ast-global-color-5)","background-image":"","background-repeat":"repeat","background-position":"center center","background-size":"auto","background-attachment":"scroll","background-type":"","background-media":"","overlay-type":"","overlay-color":"","overlay-opacity":"","overlay-gradient":""},"tablet":{"background-color":"var(--ast-global-color-5)","background-image":"","background-repeat":"repeat","background-position":"center center","background-size":"auto","background-attachment":"scroll","background-type":"","background-media":"","overlay-type":"","overlay-color":"","overlay-opacity":"","overlay-gradient":""},"mobile":{"background-color":"var(--ast-global-color-5)","background-image":"","background-repeat":"repeat","background-position":"center center","background-size":"auto","background-attachment":"scroll","background-type":"","background-media":"","overlay-type":"","overlay-color":"","overlay-opacity":"","overlay-gradient":""}},"footnotes":""},"class_list":["post-45","page","type-page","status-publish","hentry"],"yoast_head":"<!-- This site is optimized with the Yoast SEO plugin v26.5 - https:\/\/yoast.com\/wordpress\/plugins\/seo\/ -->\n<title>Trips and activities<\/title>\n<meta name=\"description\" content=\"The location of our farm directly encourages cycling and hiking, we can also recommend places for fishing and horse riding.\" \/>\n<meta name=\"robots\" content=\"index, follow, max-snippet:-1, max-image-preview:large, max-video-preview:-1\" \/>\n<link rel=\"canonical\" href=\"https:\/\/stateklunikov.cz\/en\/trips-activities\/\" \/>\n<meta property=\"og:locale\" content=\"cs_CZ\" \/>\n<meta property=\"og:type\" content=\"article\" \/>\n<meta property=\"og:title\" content=\"Trips and activities\" \/>\n<meta property=\"og:description\" content=\"The location of our farm directly encourages cycling and hiking, we can also recommend places for fishing and horse riding.\" \/>\n<meta property=\"og:url\" content=\"https:\/\/stateklunikov.cz\/en\/trips-activities\/\" \/>\n<meta property=\"og:site_name\" content=\"Statek Lun\u00edkov - Unique accommodation in the Czech countryside\" \/>\n<meta property=\"article:publisher\" content=\"https:\/\/www.facebook.com\/stateklunikov\/\" \/>\n<meta property=\"article:modified_time\" content=\"2025-04-30T19:14:51+00:00\" \/>\n<meta property=\"og:image\" content=\"https:\/\/stateklunikov.cz\/en\/wp-content\/uploads\/vylety_01.jpg\" \/>\n\t<meta property=\"og:image:width\" content=\"800\" \/>\n\t<meta property=\"og:image:height\" content=\"400\" \/>\n\t<meta property=\"og:image:type\" content=\"image\/jpeg\" \/>\n<script type=\"application\/ld+json\" class=\"yoast-schema-graph\">{\"@context\":\"https:\/\/schema.org\",\"@graph\":[{\"@type\":\"WebPage\",\"@id\":\"https:\/\/stateklunikov.cz\/en\/trips-activities\/\",\"url\":\"https:\/\/stateklunikov.cz\/en\/trips-activities\/\",\"name\":\"Trips and activities\",\"isPartOf\":{\"@id\":\"https:\/\/stateklunikov.cz\/en\/#website\"},\"primaryImageOfPage\":{\"@id\":\"https:\/\/stateklunikov.cz\/en\/trips-activities\/#primaryimage\"},\"image\":{\"@id\":\"https:\/\/stateklunikov.cz\/en\/trips-activities\/#primaryimage\"},\"thumbnailUrl\":\"https:\/\/stateklunikov.cz\/en\/wp-content\/uploads\/vylety_01.jpg\",\"datePublished\":\"2023-08-22T18:41:21+00:00\",\"dateModified\":\"2025-04-30T19:14:51+00:00\",\"description\":\"The location of our farm directly encourages cycling and hiking, we can also recommend places for fishing and horse riding.\",\"breadcrumb\":{\"@id\":\"https:\/\/stateklunikov.cz\/en\/trips-activities\/#breadcrumb\"},\"inLanguage\":\"cs\",\"potentialAction\":[{\"@type\":\"ReadAction\",\"target\":[\"https:\/\/stateklunikov.cz\/en\/trips-activities\/\"]}]},{\"@type\":\"ImageObject\",\"inLanguage\":\"cs\",\"@id\":\"https:\/\/stateklunikov.cz\/en\/trips-activities\/#primaryimage\",\"url\":\"https:\/\/stateklunikov.cz\/en\/wp-content\/uploads\/vylety_01.jpg\",\"contentUrl\":\"https:\/\/stateklunikov.cz\/en\/wp-content\/uploads\/vylety_01.jpg\",\"width\":800,\"height\":400,\"caption\":\"Statek Lun\u00edkov, horses\"},{\"@type\":\"BreadcrumbList\",\"@id\":\"https:\/\/stateklunikov.cz\/en\/trips-activities\/#breadcrumb\",\"itemListElement\":[{\"@type\":\"ListItem\",\"position\":1,\"name\":\"Dom\u016f\",\"item\":\"https:\/\/stateklunikov.cz\/en\/\"},{\"@type\":\"ListItem\",\"position\":2,\"name\":\"Trips and activities\"}]},{\"@type\":\"WebSite\",\"@id\":\"https:\/\/stateklunikov.cz\/en\/#website\",\"url\":\"https:\/\/stateklunikov.cz\/en\/\",\"name\":\"Statek Lun\u00edkov - Unique accommodation in the Czech countryside\",\"description\":\"Our farmstead is not far from Prague, but at the same time in the middle of the beautiful landscape of the country.\",\"publisher\":{\"@id\":\"https:\/\/stateklunikov.cz\/en\/#organization\"},\"potentialAction\":[{\"@type\":\"SearchAction\",\"target\":{\"@type\":\"EntryPoint\",\"urlTemplate\":\"https:\/\/stateklunikov.cz\/en\/?s={search_term_string}\"},\"query-input\":{\"@type\":\"PropertyValueSpecification\",\"valueRequired\":true,\"valueName\":\"search_term_string\"}}],\"inLanguage\":\"cs\"},{\"@type\":\"Organization\",\"@id\":\"https:\/\/stateklunikov.cz\/en\/#organization\",\"name\":\"Statek Lun\u00edkov\",\"url\":\"https:\/\/stateklunikov.cz\/en\/\",\"logo\":{\"@type\":\"ImageObject\",\"inLanguage\":\"cs\",\"@id\":\"https:\/\/stateklunikov.cz\/en\/#\/schema\/logo\/image\/\",\"url\":\"https:\/\/stateklunikov.cz\/en\/wp-content\/uploads\/logo-lunikov.png\",\"contentUrl\":\"https:\/\/stateklunikov.cz\/en\/wp-content\/uploads\/logo-lunikov.png\",\"width\":400,\"height\":181,\"caption\":\"Statek Lun\u00edkov\"},\"image\":{\"@id\":\"https:\/\/stateklunikov.cz\/en\/#\/schema\/logo\/image\/\"},\"sameAs\":[\"https:\/\/www.facebook.com\/stateklunikov\/\",\"https:\/\/www.instagram.com\/stateklunikov\/\"]}]}<\/script>\n<!-- \/ Yoast SEO plugin. -->","yoast_head_json":{"title":"Trips and activities","description":"The location of our farm directly encourages cycling and hiking, we can also recommend places for fishing and horse riding.","robots":{"index":"index","follow":"follow","max-snippet":"max-snippet:-1","max-image-preview":"max-image-preview:large","max-video-preview":"max-video-preview:-1"},"canonical":"https:\/\/stateklunikov.cz\/en\/trips-activities\/","og_locale":"cs_CZ","og_type":"article","og_title":"Trips and activities","og_description":"The location of our farm directly encourages cycling and hiking, we can also recommend places for fishing and horse riding.","og_url":"https:\/\/stateklunikov.cz\/en\/trips-activities\/","og_site_name":"Statek Lun\u00edkov - Unique accommodation in the Czech countryside","article_publisher":"https:\/\/www.facebook.com\/stateklunikov\/","article_modified_time":"2025-04-30T19:14:51+00:00","og_image":[{"width":800,"height":400,"url":"https:\/\/stateklunikov.cz\/en\/wp-content\/uploads\/vylety_01.jpg","type":"image\/jpeg"}],"schema":{"@context":"https:\/\/schema.org","@graph":[{"@type":"WebPage","@id":"https:\/\/stateklunikov.cz\/en\/trips-activities\/","url":"https:\/\/stateklunikov.cz\/en\/trips-activities\/","name":"Trips and activities","isPartOf":{"@id":"https:\/\/stateklunikov.cz\/en\/#website"},"primaryImageOfPage":{"@id":"https:\/\/stateklunikov.cz\/en\/trips-activities\/#primaryimage"},"image":{"@id":"https:\/\/stateklunikov.cz\/en\/trips-activities\/#primaryimage"},"thumbnailUrl":"https:\/\/stateklunikov.cz\/en\/wp-content\/uploads\/vylety_01.jpg","datePublished":"2023-08-22T18:41:21+00:00","dateModified":"2025-04-30T19:14:51+00:00","description":"The location of our farm directly encourages cycling and hiking, we can also recommend places for fishing and horse riding.","breadcrumb":{"@id":"https:\/\/stateklunikov.cz\/en\/trips-activities\/#breadcrumb"},"inLanguage":"cs","potentialAction":[{"@type":"ReadAction","target":["https:\/\/stateklunikov.cz\/en\/trips-activities\/"]}]},{"@type":"ImageObject","inLanguage":"cs","@id":"https:\/\/stateklunikov.cz\/en\/trips-activities\/#primaryimage","url":"https:\/\/stateklunikov.cz\/en\/wp-content\/uploads\/vylety_01.jpg","contentUrl":"https:\/\/stateklunikov.cz\/en\/wp-content\/uploads\/vylety_01.jpg","width":800,"height":400,"caption":"Statek Lun\u00edkov, horses"},{"@type":"BreadcrumbList","@id":"https:\/\/stateklunikov.cz\/en\/trips-activities\/#breadcrumb","itemListElement":[{"@type":"ListItem","position":1,"name":"Dom\u016f","item":"https:\/\/stateklunikov.cz\/en\/"},{"@type":"ListItem","position":2,"name":"Trips and activities"}]},{"@type":"WebSite","@id":"https:\/\/stateklunikov.cz\/en\/#website","url":"https:\/\/stateklunikov.cz\/en\/","name":"Statek Lun\u00edkov - Unique accommodation in the Czech countryside","description":"Our farmstead is not far from Prague, but at the same time in the middle of the beautiful landscape of the country.","publisher":{"@id":"https:\/\/stateklunikov.cz\/en\/#organization"},"potentialAction":[{"@type":"SearchAction","target":{"@type":"EntryPoint","urlTemplate":"https:\/\/stateklunikov.cz\/en\/?s={search_term_string}"},"query-input":{"@type":"PropertyValueSpecification","valueRequired":true,"valueName":"search_term_string"}}],"inLanguage":"cs"},{"@type":"Organization","@id":"https:\/\/stateklunikov.cz\/en\/#organization","name":"Statek Lun\u00edkov","url":"https:\/\/stateklunikov.cz\/en\/","logo":{"@type":"ImageObject","inLanguage":"cs","@id":"https:\/\/stateklunikov.cz\/en\/#\/schema\/logo\/image\/","url":"https:\/\/stateklunikov.cz\/en\/wp-content\/uploads\/logo-lunikov.png","contentUrl":"https:\/\/stateklunikov.cz\/en\/wp-content\/uploads\/logo-lunikov.png","width":400,"height":181,"caption":"Statek Lun\u00edkov"},"image":{"@id":"https:\/\/stateklunikov.cz\/en\/#\/schema\/logo\/image\/"},"sameAs":["https:\/\/www.facebook.com\/stateklunikov\/","https:\/\/www.instagram.com\/stateklunikov\/"]}]}},"_links":{"self":[{"href":"https:\/\/stateklunikov.cz\/en\/wp-json\/wp\/v2\/pages\/45","targetHints":{"allow":["GET"]}}],"collection":[{"href":"https:\/\/stateklunikov.cz\/en\/wp-json\/wp\/v2\/pages"}],"about":[{"href":"https:\/\/stateklunikov.cz\/en\/wp-json\/wp\/v2\/types\/page"}],"author":[{"embeddable":true,"href":"https:\/\/stateklunikov.cz\/en\/wp-json\/wp\/v2\/users\/1"}],"replies":[{"embeddable":true,"href":"https:\/\/stateklunikov.cz\/en\/wp-json\/wp\/v2\/comments?post=45"}],"version-history":[{"count":28,"href":"https:\/\/stateklunikov.cz\/en\/wp-json\/wp\/v2\/pages\/45\/revisions"}],"predecessor-version":[{"id":664,"href":"https:\/\/stateklunikov.cz\/en\/wp-json\/wp\/v2\/pages\/45\/revisions\/664"}],"wp:attachment":[{"href":"https:\/\/stateklunikov.cz\/en\/wp-json\/wp\/v2\/media?parent=45"}],"curies":[{"name":"wp","href":"https:\/\/api.w.org\/{rel}","templated":true}]}}